{"id":17,"date":"2025-01-06T14:15:50","date_gmt":"2025-01-06T14:15:50","guid":{"rendered":"http:\/\/lagunasunset.com.br\/home\/make-your-summer-unforgetable-3\/"},"modified":"2025-01-06T18:07:50","modified_gmt":"2025-01-06T18:07:50","slug":"make-your-summer-unforgetable-3","status":"publish","type":"page","link":"https:\/\/lagunasunset.com.br\/home\/make-your-summer-unforgetable-3\/","title":{"rendered":"CAMPING COL\u00d4NIA DE F\u00c9RIAS"},"content":{"rendered":"<p>Um toque de natureza combinado a uma por\u00e7\u00e3o de aventura resultam numa pessoa feliz.<\/p>\n<p>.<\/p>\n","protected":false},"excerpt":{"rendered":"<p>Um toque de natureza combinado a uma por\u00e7\u00e3o de aventura resultam numa pessoa feliz. .<\/p>\n","protected":false},"author":1,"featured_media":120,"parent":0,"menu_order":0,"comment_status":"closed","ping_status":"closed","template":"","meta":{"footnotes":""},"class_list":["post-17","page","type-page","status-publish","has-post-thumbnail","hentry"],"_links":{"self":[{"href":"https:\/\/lagunasunset.com.br\/home\/wp-json\/wp\/v2\/pages\/17","targetHints":{"allow":["GET"]}}],"collection":[{"href":"https:\/\/lagunasunset.com.br\/home\/wp-json\/wp\/v2\/pages"}],"about":[{"href":"https:\/\/lagunasunset.com.br\/home\/wp-json\/wp\/v2\/types\/page"}],"author":[{"embeddable":true,"href":"https:\/\/lagunasunset.com.br\/home\/wp-json\/wp\/v2\/users\/1"}],"replies":[{"embeddable":true,"href":"https:\/\/lagunasunset.com.br\/home\/wp-json\/wp\/v2\/comments?post=17"}],"version-history":[{"count":2,"href":"https:\/\/lagunasunset.com.br\/home\/wp-json\/wp\/v2\/pages\/17\/revisions"}],"predecessor-version":[{"id":123,"href":"https:\/\/lagunasunset.com.br\/home\/wp-json\/wp\/v2\/pages\/17\/revisions\/123"}],"wp:featuredmedia":[{"embeddable":true,"href":"https:\/\/lagunasunset.com.br\/home\/wp-json\/wp\/v2\/media\/120"}],"wp:attachment":[{"href":"https:\/\/lagunasunset.com.br\/home\/wp-json\/wp\/v2\/media?parent=17"}],"curies":[{"name":"wp","href":"https:\/\/api.w.org\/{rel}","templated":true}]}}