{"id":11,"date":"2025-01-06T14:15:46","date_gmt":"2025-01-06T14:15:46","guid":{"rendered":"http:\/\/lagunasunset.com.br\/home\/about-us\/"},"modified":"2025-01-06T16:47:08","modified_gmt":"2025-01-06T16:47:08","slug":"about-us","status":"publish","type":"page","link":"https:\/\/lagunasunset.com.br\/home\/about-us\/","title":{"rendered":"Quem Somos"},"content":{"rendered":"<div class=\"wpb_text_column wpb_content_element  vc_custom_1543242870807\">\n<div class=\"wpb_wrapper\">\n<p><strong>Hist\u00f3ria<\/strong><\/p>\n<p>A Laguna Sunset Camping Club \u00e9 uma empresa criada em 2013, que surgiu com o objectivo de desenvolver v\u00e1rios projetos tur\u00edsticos na \u00e1rea da Lagoa do Bonfim. Em Janeiro de 2023 assumiu a explora\u00e7\u00e3o do Camping na regi\u00e3o.<\/p>\n<p>Somos uma equipa jovem, din\u00e2mica e disposta a encarar novos desafios, iniciativas e experi\u00eancias\u2026 Venha conhecer-nos!!<\/p>\n<\/div>\n<\/div>\n<div class=\"vc_empty_space\"><\/div>\n<div class=\"wpb_text_column wpb_content_element  vc_custom_1668271149878\">\n<div class=\"wpb_wrapper\">\n<p><strong>Laguna Sunset Camping Club tem ao seu dispor:<\/strong><\/p>\n<p>O alojamento tradicional de um Parque de Campismo e Caravanismo, ou, para quem procura uma diferente e exclusiva experi\u00eancia em proximidade com a natureza,<\/p>\n<p>Somos 100% respons\u00e1veis:<\/p>\n<p>Selo \u201cClean &amp; Safe\u201d<\/p>\n<p>Sem pl\u00e1stico de uso \u00fanico<\/p>\n<p>Usamos produtos locais<\/p>\n<p>Usamos mat\u00e9rias recicl\u00e1veis<\/p>\n<\/div>\n<\/div>\n<div class=\"wpb_text_column wpb_content_element  vc_custom_1543242731446\">\n<div class=\"wpb_wrapper\">\n<p><strong>Miss\u00e3o<\/strong><\/p>\n<p>Promover os valores e ideais do turismo da natureza e do ecoturismo de qualidade na regi\u00e3o de Nisia Floresta -RN\u00a0 e na Lagoa do Bonfim atrav\u00e9s da oferta de \u00f3ptimas condi\u00e7\u00f5es de camping e alojamento com a Natureza, aliados a uma equipa eficiente, simp\u00e1tica e acolhedora.<\/p>\n<\/div>\n<\/div>\n<div class=\"wpb_text_column wpb_content_element  vc_custom_1668271200219\">\n<div class=\"wpb_wrapper\">\n<p><strong>Vis\u00e3o<\/strong><\/p>\n<p>Oferecer momentos \u00fanicos de lazer em contacto com a natureza atrav\u00e9s de atividades ao ar livre; Apenas conhecendo a fauna e a flora locais poderemos preserv\u00e1-las. A nossa vis\u00e3o para este projeto pressup\u00f5e praticas de gest\u00e3o ambiental em que assumimos o compromisso e a responsabilidade na preserva\u00e7\u00e3o do patrim\u00f3nio natural e comunit\u00e1rio envolvente, da sustentabilidade, da valoriza\u00e7\u00e3o econ\u00f3mica e social e com o bem-estar das gera\u00e7\u00f5es vindouras.<\/p>\n<div style=\"width: 392px;\" class=\"wp-video\"><video class=\"wp-video-shortcode\" id=\"video-11-1\" width=\"392\" height=\"850\" preload=\"metadata\" controls=\"controls\"><source type=\"video\/mp4\" src=\"https:\/\/lagunasunset.com.br\/home\/wp-content\/uploads\/2025\/01\/WhatsApp-Video-2025-01-06-at-13.41.37-1.mp4?_=1\" \/><a href=\"https:\/\/lagunasunset.com.br\/home\/wp-content\/uploads\/2025\/01\/WhatsApp-Video-2025-01-06-at-13.41.37-1.mp4\">https:\/\/lagunasunset.com.br\/home\/wp-content\/uploads\/2025\/01\/WhatsApp-Video-2025-01-06-at-13.41.37-1.mp4<\/a><\/video><\/div>\n<\/div>\n<\/div>\n","protected":false},"excerpt":{"rendered":"<p>Hist\u00f3ria A Laguna Sunset Camping Club \u00e9 uma empresa criada em 2013, que surgiu com o objectivo de desenvolver v\u00e1rios projetos tur\u00edsticos na \u00e1rea da Lagoa do Bonfim. Em Janeiro de 2023 assumiu a explora\u00e7\u00e3o do Camping na regi\u00e3o. Somos uma equipa jovem, din\u00e2mica e disposta a encarar novos desafios, iniciativas e experi\u00eancias\u2026 Venha conhecer-nos!! [&hellip;]<\/p>\n","protected":false},"author":1,"featured_media":0,"parent":0,"menu_order":0,"comment_status":"closed","ping_status":"closed","template":"","meta":{"footnotes":""},"class_list":["post-11","page","type-page","status-publish","hentry"],"_links":{"self":[{"href":"https:\/\/lagunasunset.com.br\/home\/wp-json\/wp\/v2\/pages\/11","targetHints":{"allow":["GET"]}}],"collection":[{"href":"https:\/\/lagunasunset.com.br\/home\/wp-json\/wp\/v2\/pages"}],"about":[{"href":"https:\/\/lagunasunset.com.br\/home\/wp-json\/wp\/v2\/types\/page"}],"author":[{"embeddable":true,"href":"https:\/\/lagunasunset.com.br\/home\/wp-json\/wp\/v2\/users\/1"}],"replies":[{"embeddable":true,"href":"https:\/\/lagunasunset.com.br\/home\/wp-json\/wp\/v2\/comments?post=11"}],"version-history":[{"count":3,"href":"https:\/\/lagunasunset.com.br\/home\/wp-json\/wp\/v2\/pages\/11\/revisions"}],"predecessor-version":[{"id":105,"href":"https:\/\/lagunasunset.com.br\/home\/wp-json\/wp\/v2\/pages\/11\/revisions\/105"}],"wp:attachment":[{"href":"https:\/\/lagunasunset.com.br\/home\/wp-json\/wp\/v2\/media?parent=11"}],"curies":[{"name":"wp","href":"https:\/\/api.w.org\/{rel}","templated":true}]}}